{"id":133,"date":"2021-05-07T14:41:12","date_gmt":"2021-05-07T14:41:12","guid":{"rendered":"https:\/\/sanfeliu-abogados.com\/?page_id=133"},"modified":"2021-05-13T07:51:15","modified_gmt":"2021-05-13T07:51:15","slug":"elementor-133","status":"publish","type":"page","link":"https:\/\/sanfeliu-abogados.com\/","title":{"rendered":"Sin t\u00edtulo"},"content":{"rendered":"\t\t<div data-elementor-type=\"wp-page\" data-elementor-id=\"133\" class=\"elementor elementor-133\">\n\t\t\t\t\t\t<section class=\"elementor-section elementor-top-section elementor-element elementor-element-5da6dffb elementor-section-boxed elementor-section-height-default elementor-section-height-default\" data-id=\"5da6dffb\" data-element_type=\"section\">\n\t\t\t\t\t\t<div class=\"elementor-container elementor-column-gap-default\">\n\t\t\t\t\t<div class=\"elementor-column elementor-col-100 elementor-top-column elementor-element elementor-element-667fa06a\" data-id=\"667fa06a\" data-element_type=\"column\">\n\t\t\t<div class=\"elementor-widget-wrap elementor-element-populated\">\n\t\t\t\t\t\t<div class=\"elementor-element elementor-element-17410669 elementor-widget elementor-widget-text-editor\" data-id=\"17410669\" data-element_type=\"widget\" data-widget_type=\"text-editor.default\">\n\t\t\t\t<div class=\"elementor-widget-container\">\n\t\t\t\t\t\t\t<p><span style=\"caret-color: rgb(255, 255, 255); color: rgb(255, 255, 255); font-size: 28px; text-align: center;\">Despacho especializado en enfermedades profesionales y accidentes de trabajo, amianto, s\u00edlice, cromo, radiaciones ionizantes, ruido laboral, c\u00e1ncer, mesotelioma, asbestosis, silicosis, sordera&#8230;<\/span><\/p>\t\t\t\t\t\t<\/div>\n\t\t\t\t<\/div>\n\t\t\t\t<div class=\"elementor-element elementor-element-7a96ea2 elementor-widget elementor-widget-text-editor\" data-id=\"7a96ea2\" data-element_type=\"widget\" data-widget_type=\"text-editor.default\">\n\t\t\t\t<div class=\"elementor-widget-container\">\n\t\t\t\t\t\t\t<p><span style=\"caret-color: #fffbfb; color: #fffbfb; font-family: Lato, sans-serif; font-size: 60px; text-align: center;\">Sanfeliu Abogados<\/span><\/p>\t\t\t\t\t\t<\/div>\n\t\t\t\t<\/div>\n\t\t\t\t<div class=\"elementor-element elementor-element-4587862 elementor-widget-divider--view-line elementor-widget elementor-widget-divider\" data-id=\"4587862\" data-element_type=\"widget\" data-widget_type=\"divider.default\">\n\t\t\t\t<div class=\"elementor-widget-container\">\n\t\t\t\t\t<div class=\"elementor-divider\">\n\t\t\t<span class=\"elementor-divider-separator\">\n\t\t\t\t\t\t<\/span>\n\t\t<\/div>\n\t\t\t\t<\/div>\n\t\t\t\t<\/div>\n\t\t\t\t<div class=\"elementor-element elementor-element-b5363e3 elementor-widget elementor-widget-text-editor\" data-id=\"b5363e3\" data-element_type=\"widget\" data-widget_type=\"text-editor.default\">\n\t\t\t\t<div class=\"elementor-widget-container\">\n\t\t\t\t\t\t\t<p style=\"caret-color: rgb(255, 255, 255); color: rgb(255, 255, 255); font-family: Lato, sans-serif; font-size: 28px; text-align: center;\">Somos el equipo de abogados de la&nbsp;<a href=\"https:\/\/asociacionenfermedadesprofesionales.com\">Asociaci\u00f3n de V\u00edctimas de Enfermedades y Accidentes de Trabajo de Espa\u00f1a<\/a><\/p>\n<p style=\"caret-color: rgb(255, 255, 255); color: rgb(255, 255, 255); font-family: Lato, sans-serif; font-size: 28px; text-align: center;\">Calle Alta, 37, bajo izq, 46003 Valencia<\/p>\n<h2 style=\"font-family: Lato, sans-serif; text-align: center;\"><a id=\"lnkEmailAddress\" class=\"email-address\" href=\"mailto:jsd%40sanfeliu-abogados.com\" style=\"color: rgb(255, 255, 255); text-shadow: rgba(0, 0, 0, 0.6) 2px 2px 3px;\">jsd@sanfeliu-abogados.com<\/a><\/h2>\n<p style=\"caret-color: rgb(255, 255, 255); color: rgb(255, 255, 255); font-family: Lato, sans-serif; font-size: 28px; text-align: center;\">639 206 130<\/p>\n<p style=\"caret-color: rgb(255, 255, 255); color: rgb(255, 255, 255); font-family: Lato, sans-serif; font-size: 28px; text-align: center;\">Jes\u00fas Sanfeliu Donet<\/p>\n<p style=\"caret-color: rgb(255, 255, 255); color: rgb(255, 255, 255); font-family: Lato, sans-serif; font-size: 28px; text-align: center;\">Abogado-Director<\/p>\t\t\t\t\t\t<\/div>\n\t\t\t\t<\/div>\n\t\t\t\t\t<\/div>\n\t\t<\/div>\n\t\t\t\t\t<\/div>\n\t\t<\/section>\n\t\t\t\t<\/div>\n\t\t","protected":false},"excerpt":{"rendered":"<p>Despacho especializado en enfermedades profesionales y accidentes de trabajo, amianto, s\u00edlice, cromo, radiaciones ionizantes, ruido laboral, c\u00e1ncer, mesotelioma, asbestosis, silicosis, sordera&#8230; Sanfeliu Abogados Somos el equipo de abogados de la&nbsp;Asociaci\u00f3n de V\u00edctimas de Enfermedades y Accidentes de Trabajo de Espa\u00f1a Calle Alta, 37, bajo izq, 46003 Valencia jsd@sanfeliu-abogados.com 639 206 130 Jes\u00fas Sanfeliu Donet Abogado-Director<\/p>\n","protected":false},"author":2,"featured_media":0,"parent":0,"menu_order":0,"comment_status":"closed","ping_status":"closed","template":"elementor_canvas","meta":{"footnotes":""},"class_list":["post-133","page","type-page","status-publish","hentry"],"_links":{"self":[{"href":"https:\/\/sanfeliu-abogados.com\/index.php\/wp-json\/wp\/v2\/pages\/133","targetHints":{"allow":["GET"]}}],"collection":[{"href":"https:\/\/sanfeliu-abogados.com\/index.php\/wp-json\/wp\/v2\/pages"}],"about":[{"href":"https:\/\/sanfeliu-abogados.com\/index.php\/wp-json\/wp\/v2\/types\/page"}],"author":[{"embeddable":true,"href":"https:\/\/sanfeliu-abogados.com\/index.php\/wp-json\/wp\/v2\/users\/2"}],"replies":[{"embeddable":true,"href":"https:\/\/sanfeliu-abogados.com\/index.php\/wp-json\/wp\/v2\/comments?post=133"}],"version-history":[{"count":59,"href":"https:\/\/sanfeliu-abogados.com\/index.php\/wp-json\/wp\/v2\/pages\/133\/revisions"}],"predecessor-version":[{"id":193,"href":"https:\/\/sanfeliu-abogados.com\/index.php\/wp-json\/wp\/v2\/pages\/133\/revisions\/193"}],"wp:attachment":[{"href":"https:\/\/sanfeliu-abogados.com\/index.php\/wp-json\/wp\/v2\/media?parent=133"}],"curies":[{"name":"wp","href":"https:\/\/api.w.org\/{rel}","templated":true}]}}